{"id":43,"date":"2015-02-13T19:33:18","date_gmt":"2015-02-13T19:33:18","guid":{"rendered":"http:\/\/www.historiadeanna.com\/web\/?page_id=43"},"modified":"2026-01-09T11:54:52","modified_gmt":"2026-01-09T10:54:52","slug":"publicaciones","status":"publish","type":"page","link":"https:\/\/www.historiadeanna.com\/web\/publicaciones\/","title":{"rendered":"Art\u00edculos publicados."},"content":{"rendered":"<p><a href=\"https:\/\/i0.wp.com\/www.historiadeanna.com\/web\/wp-content\/uploads\/2020\/01\/portada.jpg?ssl=1\"><img data-recalc-dims=\"1\" loading=\"lazy\" decoding=\"async\" class=\"wp-image-633 alignnone\" src=\"https:\/\/i0.wp.com\/www.historiadeanna.com\/web\/wp-content\/uploads\/2020\/01\/portada.jpg?resize=640%2C317&#038;ssl=1\" alt=\"\" width=\"640\" height=\"317\" srcset=\"https:\/\/i0.wp.com\/www.historiadeanna.com\/web\/wp-content\/uploads\/2020\/01\/portada.jpg?resize=1024%2C506&amp;ssl=1 1024w, https:\/\/i0.wp.com\/www.historiadeanna.com\/web\/wp-content\/uploads\/2020\/01\/portada.jpg?resize=300%2C148&amp;ssl=1 300w, https:\/\/i0.wp.com\/www.historiadeanna.com\/web\/wp-content\/uploads\/2020\/01\/portada.jpg?resize=768%2C379&amp;ssl=1 768w, https:\/\/i0.wp.com\/www.historiadeanna.com\/web\/wp-content\/uploads\/2020\/01\/portada.jpg?w=1280&amp;ssl=1 1280w, https:\/\/i0.wp.com\/www.historiadeanna.com\/web\/wp-content\/uploads\/2020\/01\/portada.jpg?w=1920&amp;ssl=1 1920w\" sizes=\"auto, (max-width: 640px) 100vw, 640px\" \/><\/a><\/p>\n<h3>\u00a0<span style=\"background-color: #ffffff;\">Ayuntamiento de Anna.<\/span><\/h3>\n<h3><span style=\"background-color: #ffffff;\">\u00a0<span style=\"font-size: 16px; background-color: #ffffff;\">LIBRO DE FIESTAS:<\/span><\/span><\/h3>\n<ul style=\"list-style-type: square;\">\n<li><strong>A\u00d1O 2005<\/strong> :<a href=\"http:\/\/www.historiadeanna.com\/publicaciones\/2005\">Sociedades culturales en Anna desde 1882 A 1920<\/a><\/li>\n<li><strong>A\u00d1O:2007<\/strong>: <a href=\"http:\/\/www.historiadeanna.com\/publicaciones\/2007EXPULSION\">La expulsi\u00f3n de los moriscos: La carta de poblaci\u00f3n de 1611, las concordias y el reparto de los morisquillos en Anna<\/a><\/li>\n<li><strong>A\u00d1O:2007:\u00a0<\/strong><a href=\"http:\/\/www.historiadeanna.com\/publicaciones\/2007resumen.pdf\"><span style=\"font-size: 14px;\">Joaqu\u00edn Garc\u00eda de Antonio -ANNA 1710- GRAN CANARIA 1779 Aproximaci\u00f3n al maestro de capilla de Santa Ana<\/span><\/a><\/li>\n<li><strong>A\u00d1O 2008<\/strong>:<a href=\"http:\/\/www.historiadeanna.com\/publicaciones\/2008\"> La Villa de Anna y sus Se\u00f1ores: Desde la donaci\u00f3n a la Orden de Santiago hasta el establecimiento del condado de Anna en 1604<\/a><\/li>\n<li><strong>A\u00d1O 2009<\/strong>:<a href=\"http:\/\/www.historiadeanna.com\/publicaciones\/2009\"> La Villa de Anna: Desde sus or\u00edgenes hasta el establecimiento de la presencia musulmana<\/a><\/li>\n<li><strong>A\u00d1O 2011 <\/strong>:<a href=\"http:\/\/www.historiadeanna.com\/publicaciones\/2011\">La riada e inundaci\u00f3n de 1864.<\/a><\/li>\n<li><strong>A\u00d1O 2012<\/strong>:<a href=\"http:\/\/www.historiadeanna.com\/publicaciones\/2012\"> Cien a\u00f1os del campanario de Anna<\/a><\/li>\n<li><strong>A\u00d1O 2017:\u00a0<a href=\"http:\/\/www.historiadeanna.com\/escalera.pdf\" target=\"_blank\" rel=\"noopener\">A prop\u00f3sito de la historia de una escalera<\/a><\/strong><\/li>\n<li>A\u00f1o 2022:\u00a0<a href=\"https:\/\/www.historiadeanna.com\/web\/los-despertares-a-la-aurora-del-cristo\/\" rel=\"bookmark\">Los despertares a la aurora del Cristo de la Providencia<\/a><\/li>\n<\/ul>\n<h2 style=\"font-weight: normal; line-height: 1.2; color: #333333; font-family: sans-serif, Arial, Verdana, 'Trebuchet MS';\"><span style=\"font-size: 16px;\"><strong>INFORMES<\/strong>:<\/span><\/h2>\n<ul style=\"list-style-type: square;\">\n<li><strong>A\u00d1O 2013<\/strong>:<a style=\"color: #0782c1;\" href=\"http:\/\/www.historiadeanna.com\/publicaciones\/estudioescudo.pdf\">\u00a0<strong>ESTUDIO SOBRE EL DISE\u00d1O Y REPRESENTACI\u00d3N DEL ESCUDO ACTUAL DE LA VILLA DE ANNA.\u00a0<\/strong><strong>En base a la resoluci\u00f3n de 3 de mayo de 2004, del Conseller de Justicia y Administraciones P\u00fablicas, por la que se aprueba el escudo del Ayuntamiento de Anna<\/strong><\/a><\/li>\n<\/ul>\n<h2>Sociedad Filarm\u00f3nica Nueva Art\u00edstica<\/h2>\n<ul style=\"list-style-type: square;\">\n<li>A\u00d1O 2013: <a href=\"http:\/\/www.historiadeanna.com\/SOCIEDADMUSICAL\/germansanchismorell.pdf\" target=\"_blank\" rel=\"noopener\">Germ\u00e1n\u00a0Sanchis Mo<\/a>rell<\/li>\n<li>A\u00d1O 2014: <a href=\"http:\/\/www.historiadeanna.com\/SOCIEDADMUSICAL\/origenbanda.pdf\" target=\"_blank\" rel=\"noopener\">Los or\u00edgenes de la\u00a0\u00a0Banda de A<\/a>nna<\/li>\n<li><span style=\"font-size: 14px;\"><span style=\"font-family: arial,helvetica,sans-serif;\"><span style=\"color: #154090; line-height: 23.296px; text-align: justify; background-color: #ffffff;\">A\u00d1O 2015<\/span><a href=\"http:\/\/www.historiadeanna.com\/SOCIEDADMUSICAL\/incendio.pdf\" target=\"_blank\" rel=\"noopener\"><span style=\"color: #154090; line-height: 23.296px; text-align: justify; background-color: #ffffff;\">: El incendio del teatro de Anna el 1 de enero de 1908<\/span><\/a><\/span><\/span><\/li>\n<li><span style=\"font-size: 14px;\"><span style=\"font-family: arial,helvetica,sans-serif;\"><span style=\"color: #154090; line-height: 23.296px; text-align: justify; background-color: #ffffff;\">A\u00f1o 2016: <a href=\"http:\/\/www.historiadeanna.com\/SOCIEDADMUSICAL\/miralles.pdf\" target=\"_blank\" rel=\"noopener\">D. Vicente Miralles, maestro de la Banda de Anna.1929-1937<\/a><\/span><\/span><\/span><\/li>\n<li><a href=\"http:\/\/www.historiadeanna.com\/valls1.pdf\" target=\"_blank\" rel=\"noopener\"><span style=\"font-size: 14px;\"><span style=\"font-family: arial,helvetica,sans-serif;\"><span style=\"color: #154090; line-height: 23.296px; text-align: justify; background-color: #ffffff;\">A\u00f1o 2017: El violinista Jos\u00e9 Valls Cuenca<\/span><\/span><\/span><\/a><\/li>\n<li><a href=\"http:\/\/www.historiadeanna.com\/bou.pdf\" target=\"_blank\" rel=\"noopener\">A\u00f1o 2019: Vicente Garc\u00eda Bou: 1945- 1953<\/a><\/li>\n<li><a href=\"http:\/\/www.historiadeanna.com\/zarzuela.pdf\" target=\"_blank\" rel=\"noopener\">A\u00f1o 2024: En aquellos tiempos de zarzuela<\/a><\/li>\n<li><a href=\"https:\/\/www.historiadeanna.com\/changhai.pdf\" target=\"_blank\" rel=\"noopener\">A\u00f1o 2025: El maestro Mar\u00edn y la orquesta \u201cChangh\u00e1i\u201d<\/a><\/li>\n<\/ul>\n<h3>Fundaci\u00f3n la Sierra C.V.<\/h3>\n<p style=\"text-align: justify;\"><span style=\"font-size: 14px;\">A\u00d1O 2015:<\/span><\/p>\n<ul style=\"list-style-type: square;\">\n<li><a href=\"http:\/\/www.historiadeanna.com\/sierra\/origenes.pdf\" target=\"_blank\" rel=\"noopener\"><span style=\"font-family: 'Arial Narrow', Bold; font-size: 13pt;\">Los or\u00edgenes de la presencia humana sobre el territorio<\/span><\/a><\/li>\n<li><span style=\"font-family: tahoma,geneva,sans-serif;\"><span style=\"font-size: 14px;\"><a href=\"http:\/\/www.historiadeanna.com\/sierra\/albufera.pdf\" target=\"_blank\" rel=\"noopener\">Molinos y artefactos en el r\u00edo de la Albufera o del Molino<\/a><\/span><\/span><\/li>\n<li><a href=\"http:\/\/www.historiadeanna.com\/sierra\/alcay.pdf\" target=\"_blank\" rel=\"noopener\"><span style=\"font-size: 14px;\"><span style=\"font-family: tahoma,geneva,sans-serif;\">Los artefactos en el curso de la acequia del Portalet y\u00a0el barranco de Alcay<\/span><\/span><\/a><\/li>\n<li><span style=\"font-size: 16px;\"><a href=\"http:\/\/www.historiadeanna.com\/sierra\/cavanilles.pdf\" target=\"_blank\" rel=\"noopener\"><span style=\"font-family: 'Arial Narrow';\">El martinete del barranco de Alcay en las Observaciones de Cavanilles<\/span><\/a><\/span><\/li>\n<li><span style=\"font-size: 14px;\"><span style=\"font-family: arial,helvetica,sans-serif;\"><a href=\"http:\/\/www.historiadeanna.com\/sierra\/papel.pdf\" target=\"_blank\" rel=\"noopener\">La industria del papel en Anna<\/a><\/span><\/span><\/li>\n<li><span style=\"font-size: 14px;\"><span style=\"font-family: arial,helvetica,sans-serif;\"><a href=\"http:\/\/www.historiadeanna.com\/sierra\/alameda.pdf\">\u00a0Los artefactos en plaza de los \u00c1lamos y la bajada\u00a0de los molinos o del Rahal<\/a><\/span><\/span><\/li>\n<li><a href=\"http:\/\/www.historiadeanna.com\/sierra\/riajuelo.pdf\" target=\"_blank\" rel=\"noopener\"><span style=\"font-family: arial, helvetica, sans-serif;\"><span style=\"font-size: 14px; line-height: 22.3999996185303px;\">\u00a0<\/span><\/span>El r\u00edo de los batanes.\u00a0Desde la rambla del Riajuelo al \u00a0r\u00edo Sellent<\/a><\/li>\n<\/ul>\n<h3 style=\"text-align: justify;\"><span style=\"font-size: 14px;\">A\u00d1O 2016:<\/span><\/h3>\n<ul style=\"list-style-type: square;\">\n<li><span style=\"font-family: arial,helvetica,sans-serif;\"><span style=\"font-size: 14px;\"><a href=\"http:\/\/www.historiadeanna.com\/sierra\/riada1864.pdf\" target=\"_blank\" rel=\"noopener\">La riada e inundaci\u00f3n de 1864<\/a><\/span><\/span><\/li>\n<li><a href=\"http:\/\/www.historiadeanna.com\/sierra\/mudejaresymoriscos.pdf\" target=\"_blank\" rel=\"noopener\">Mud\u00e9jares y moriscos en la villa de Anna<\/a><\/li>\n<li><a href=\"http:\/\/www.historiadeanna.com\/sierra\/fuentemarzo.pdf\" target=\"_blank\" rel=\"noopener\">La cuesti\u00f3n de la Fuente de Marzo<\/a><\/li>\n<li><a href=\"http:\/\/www.historiadeanna.com\/sierra\/terremotos.pdf\" target=\"_blank\" rel=\"noopener\">Los terremotos de 1748<\/a><\/li>\n<li><a href=\"http:\/\/www.historiadeanna.com\/sierra\/lamarcaterritorio.pdf\" target=\"_blank\" rel=\"noopener\">La marca del territorio<\/a><\/li>\n<li><a href=\"http:\/\/www.historiadeanna.com\/sierra\/leyenda.pdf\" target=\"_blank\" rel=\"noopener\">La leyenda de las puertas de cristal<\/a><\/li>\n<li><a href=\"http:\/\/www.historiadeanna.com\/sierra\/fuster.pdf\" target=\"_blank\" rel=\"noopener\">Los Fuster: Una familia entre la ilustraci\u00f3n y el liberalismo<\/a><\/li>\n<\/ul>\n<h3>A\u00f1o 2020:<\/h3>\n<ul style=\"list-style-type: square;\">\n<li>Los Trenor en Anna<\/li>\n<\/ul>\n<h3>Cincuentenario del CEIP Ram\u00f3n y Cajal<\/h3>\n<ul style=\"list-style-type: square;\">\n<li><strong>A\u00d1O 2005<\/strong>: <a href=\"http:\/\/www.historiadeanna.com\/ESCUELA\/historiaescuela.pdf\">Historia de la escuela de Anna<\/a><\/li>\n<\/ul>\n<h3><span style=\"font-size: 22px;\"><span style=\"color: #333333; font-family: Arial; letter-spacing: -0.200000002980232px; line-height: 24px;\">Historia de Al-\u00c1ndalus, bolet\u00edn N.\u00ba 73\u00a0<\/span><\/span><\/h3>\n<ul style=\"list-style-type: square;\">\n<li><span style=\"font-family: Arial; letter-spacing: -0.200000002980232px; line-height: 24px;\">A\u00f1o 2008:<span style=\"font-size: 14px;\"> La expulsi\u00f3n de los moriscos: la carta de poblaci\u00f3n de 1611, las concordias y el reparto de los morisquillos de Anna<\/span><\/span><\/li>\n<\/ul>\n<h3>Asociaci\u00f3n cultural \u00abLa \u00d1igasa\u00bb<\/h3>\n<ul style=\"list-style-type: square;\">\n<li>A\u00f1o 2020: <a href=\"http:\/\/www.historiadeanna.com\/joaquingarcia.pptx\" target=\"_blank\" rel=\"noopener\">Aproximaci\u00f3n historiogr\u00e1fica al m\u00fasico de Anna Joaqu\u00edn Garc\u00eda de Antonio. Maestro de capilla:\u00a0 Anna 1710 &#8211; las Palmas 1779<\/a><\/li>\n<\/ul>\n<h2>En el Blog Historia de Anna:<\/h2>\n<h3>A\u00d1O 2021:<\/h3>\n<ul style=\"list-style-type: square;\">\n<li class=\"page-title\"><a href=\"http:\/\/www.historiadeanna.com\/muladiesymozarabes.pdf\" target=\"_blank\" rel=\"noopener\">La fundaci\u00f3n de la Villa. Mulad\u00edes y moz\u00e1rabes<\/a><\/li>\n<li class=\"page-title\"><a href=\"http:\/\/www.historiadeanna.com\/parroquia.pdf\" target=\"_blank\" rel=\"bookmark noopener\">El nacimiento de la parroquia de Anna<\/a><\/li>\n<li><a href=\"http:\/\/www.historiadeanna.com\/montalban.pdf\" target=\"_blank\" rel=\"noopener\">Anna y la encomienda de Montalb\u00e1n entre los siglos XIII-XIV<\/a><\/li>\n<li><a href=\"https:\/\/www.historiadeanna.com\/web\/los-terremotos-de-1748-2\/\" rel=\"bookmark\">Los terremotos de 1748<\/a><\/li>\n<li><a href=\"https:\/\/www.historiadeanna.com\/web\/el-ultimo-tren\/\" rel=\"bookmark\">El \u00faltimo tren<\/a><\/li>\n<\/ul>\n<h3>A\u00d1O 2022:<\/h3>\n<ul style=\"list-style-type: square;\">\n<li><a href=\"https:\/\/www.historiadeanna.com\/web\/los-morisquillos-en-la-canal\/\" rel=\"bookmark\">Los morisquillos en la Canal<\/a><\/li>\n<li><a href=\"https:\/\/www.historiadeanna.com\/web\/a-modo-de-epilogo\/\" rel=\"bookmark\">A modo de ep\u00edlogo<\/a><\/li>\n<li class=\"page-title\"><a href=\"https:\/\/www.historiadeanna.com\/web\/los-despertares-a-la-aurora-del-cristo\/\" rel=\"bookmark\">Los despertares a la aurora del Cristo de la Providencia<\/a><\/li>\n<li><a href=\"https:\/\/www.historiadeanna.com\/web\/la-alqueria-y-huertas-de-johanes-almudener-una-cronica-sobre-los-origenes-de-la-alqueria-julia\/\" rel=\"bookmark\">La alquer\u00eda y huertas de Johanes Almudener. Una cr\u00f3nica sobre los or\u00edgenes de la alquer\u00eda Juli\u00e0.<\/a><\/li>\n<li><a href=\"http:\/\/www.historiadeanna.com\/catalineta.pdf\" target=\"_blank\" rel=\"noopener\">La fiesta de la Catalineta. Breve relato de una antigua tradici\u00f3n<\/a><\/li>\n<li><a href=\"http:\/\/www.historiadeanna.com\/albufera.pdf\" target=\"_blank\" rel=\"noopener\">Las aguas de la laguna de Anna. Una cr\u00f3nica sobre los or\u00edgenes y propiedad del paraje<\/a><\/li>\n<\/ul>\n<h3>A\u00d1O 2023:<\/h3>\n<ul style=\"list-style-type: square;\">\n<li><a href=\"http:\/\/www.historiadeanna.com\/baltasarfuster.pdf\">Baltasar Fuster. Cr\u00f3nica de un ilustrado en la Fuente de Marzo<\/a><\/li>\n<li><a href=\"http:\/\/www.historiadeanna.com\/fiestasypatronos.pdf\" target=\"_blank\" rel=\"noopener\">Las fiestas y los patronos<\/a><\/li>\n<\/ul>\n<h3>A\u00d1O 2024:<\/h3>\n<ul style=\"list-style-type: square;\">\n<li style=\"list-style-type: none;\">\n<ul style=\"list-style-type: square;\">\n<li class=\"page-title\" style=\"text-align: left;\"><a href=\"http:\/\/www.historiadeanna.com\/lignuncrucis.pdf\">Breve cr\u00f3nica de una Cruz: 1709-1736<\/a><\/li>\n<li class=\"page-title\"><a href=\"https:\/\/www.historiadeanna.com\/web\/campanas-espadanas-y-campaneros\/\" rel=\"bookmark\">Campanas, espada\u00f1as y campaneros<\/a><\/li>\n<li><a href=\"https:\/\/www.historiadeanna.com\/zarzuela.pdf\" target=\"_blank\" rel=\"noopener\">En aquellos tiempos de zarzuela<\/a><\/li>\n<li><a href=\"https:\/\/www.historiadeanna.com\/lorchano.pdf\" target=\"_blank\" rel=\"noopener\">El molino de Ram\u00f3n Camallonga: el Lorchano. Un relato en el final del se\u00f1or\u00edo de Anna<\/a><\/li>\n<\/ul>\n<\/li>\n<\/ul>\n<h3>A\u00d1O 2025:<\/h3>\n<ul style=\"list-style-type: square;\">\n<li><a href=\"http:\/\/www.historiadeanna.com\/ermita.pdf\" target=\"_blank\" rel=\"noopener\">La Ermita y el Calvario<\/a><\/li>\n<li><a href=\"https:\/\/www.historiadeanna.com\/calles.pdf\" target=\"_blank\" rel=\"noopener\">Las calles de la villa entre los siglos XVII y XIX<\/a><a href=\"https:\/\/www.historiadeanna.com\/calles.pdf\" target=\"_blank\" rel=\"noopener\">Las calles de la villa entre los siglos XVII y XIX<\/a><\/li>\n<li><a href=\"https:\/\/www.historiadeanna.com\/familiaborja.pdf\" target=\"_blank\" rel=\"noopener\">La familia Borja, se\u00f1ores de la baron\u00eda de Anna<\/a><\/li>\n<li><a href=\"https:\/\/www.historiadeanna.com\/gozos.pdf\" target=\"_blank\" rel=\"noopener\">Del canto de los Gozos a las Llagas. Cr\u00f3nica de una tradici\u00f3n<\/a><\/li>\n<\/ul>\n<h3>Libros\u00a0 \u00a0 \u00a0 \u00a0 \u00a0 \u00a0 \u00a0 \u00a0 \u00a0 \u00a0 \u00a0 \u00a0 \u00a0 \u00a0 \u00a0 \u00a0.<\/h3>\n<ul style=\"list-style-type: square;\">\n<li>A\u00d1O 2009: <a href=\"http:\/\/www.historiadeanna.com\/LIBROS\/Joaquin%20Garcia.pdf\">Joaqu\u00edn Garc\u00eda de Antonio. Maestro de capilla. Anna 1710- Las Palmas 1779<\/a><\/li>\n<li>A\u00d1O 2014: <a href=\"http:\/\/www.historiadeanna.com\/LIBROS\/sanz.pdf\" target=\"_blank\" rel=\"noopener\">Francisco Sanz Baldov\u00ed. El prodigioso caballero de la fantas\u00eda<\/a><\/li>\n<li>A\u00d1O 2015:<a href=\"http:\/\/www.historiadeanna.com\/LIBROS\/Rausell.pdf\" target=\"_blank\" rel=\"noopener\"> Apuntes hist\u00f3ricos de la Villa de Anna. Di\u00f3cesis y provincia de Valencia 1942<\/a><\/li>\n<li><a href=\"http:\/\/www.historiadeanna.com\/LIBROS\/MOLINOS,PDF\" target=\"_blank\" rel=\"noopener\">A\u00d1O 2018: Molinos batanes y artefactos en la Villa de Anna<\/a><\/li>\n<li><a href=\"http:\/\/www.historiadeanna.com\/LIBROS\/centenario.pdf\" target=\"_blank\" rel=\"noopener\">A\u00f1o\u00a0 2020: Cien a\u00f1os de m\u00fasica, m\u00fasicos y filarm\u00f3nicos en Anna<\/a><\/li>\n<li><a href=\"http:\/\/www.historiadeanna.com\/LIBROS\/fuster.pdf\" target=\"_blank\" rel=\"noopener\">A\u00f1o 2023: Los Fuster. \u00abUna familia entre la ilustraci\u00f3n y el liberalismo\u00bb<\/a><\/li>\n<\/ul>\n","protected":false},"excerpt":{"rendered":"<p>\u00a0Ayuntamiento de Anna. \u00a0LIBRO DE FIESTAS: A\u00d1O 2005 :Sociedades culturales en Anna desde 1882 A 1920 A\u00d1O:2007: La expulsi\u00f3n de los moriscos: La carta de poblaci\u00f3n de 1611, las concordias y el reparto de los morisquillos en Anna A\u00d1O:2007:\u00a0Joaqu\u00edn Garc\u00eda de Antonio -ANNA 1710- GRAN CANARIA 1779 Aproximaci\u00f3n al maestro&#8230;<\/p>\n","protected":false},"author":2,"featured_media":0,"parent":0,"menu_order":0,"comment_status":"closed","ping_status":"open","template":"template-sidebar-right.php","meta":{"jetpack_post_was_ever_published":false,"footnotes":""},"class_list":["post-43","page","type-page","status-publish","hentry"],"jetpack_sharing_enabled":true,"jetpack_shortlink":"https:\/\/wp.me\/P5MCLW-H","jetpack-related-posts":[],"jetpack_likes_enabled":true,"_links":{"self":[{"href":"https:\/\/www.historiadeanna.com\/web\/wp-json\/wp\/v2\/pages\/43","targetHints":{"allow":["GET"]}}],"collection":[{"href":"https:\/\/www.historiadeanna.com\/web\/wp-json\/wp\/v2\/pages"}],"about":[{"href":"https:\/\/www.historiadeanna.com\/web\/wp-json\/wp\/v2\/types\/page"}],"author":[{"embeddable":true,"href":"https:\/\/www.historiadeanna.com\/web\/wp-json\/wp\/v2\/users\/2"}],"replies":[{"embeddable":true,"href":"https:\/\/www.historiadeanna.com\/web\/wp-json\/wp\/v2\/comments?post=43"}],"version-history":[{"count":81,"href":"https:\/\/www.historiadeanna.com\/web\/wp-json\/wp\/v2\/pages\/43\/revisions"}],"predecessor-version":[{"id":1944,"href":"https:\/\/www.historiadeanna.com\/web\/wp-json\/wp\/v2\/pages\/43\/revisions\/1944"}],"wp:attachment":[{"href":"https:\/\/www.historiadeanna.com\/web\/wp-json\/wp\/v2\/media?parent=43"}],"curies":[{"name":"wp","href":"https:\/\/api.w.org\/{rel}","templated":true}]}}